{"id":38,"date":"2019-09-05T11:10:01","date_gmt":"2019-09-05T11:10:01","guid":{"rendered":"http:\/\/sole-jugend.de\/?page_id=38"},"modified":"2019-09-05T13:30:18","modified_gmt":"2019-09-05T13:30:18","slug":"veranstaltungen","status":"publish","type":"page","link":"https:\/\/sole-jugend.de\/?page_id=38","title":{"rendered":"Veranstaltungen"},"content":{"rendered":"\n<p class=\"has-large-font-size\">GEMEINSAM mit SPORT gegen MOBBING<\/p>\n\n\n\n<figure class=\"wp-block-image alignfull\"><img loading=\"lazy\" decoding=\"async\" width=\"1024\" height=\"683\" src=\"http:\/\/sole-jugend.de\/wp-content\/uploads\/2019\/09\/Politikergruppe-06-1-1024x683.jpg\" alt=\"\" class=\"wp-image-52\" srcset=\"https:\/\/sole-jugend.de\/wp-content\/uploads\/2019\/09\/Politikergruppe-06-1-1024x683.jpg 1024w, https:\/\/sole-jugend.de\/wp-content\/uploads\/2019\/09\/Politikergruppe-06-1-300x200.jpg 300w, https:\/\/sole-jugend.de\/wp-content\/uploads\/2019\/09\/Politikergruppe-06-1-768x512.jpg 768w, https:\/\/sole-jugend.de\/wp-content\/uploads\/2019\/09\/Politikergruppe-06-1-1870x1247.jpg 1870w, https:\/\/sole-jugend.de\/wp-content\/uploads\/2019\/09\/Politikergruppe-06-1-400x267.jpg 400w, https:\/\/sole-jugend.de\/wp-content\/uploads\/2019\/09\/Politikergruppe-06-1-800x534.jpg 800w\" sizes=\"auto, (max-width: 1024px) 100vw, 1024px\" \/><figcaption>1. Sportcamp unter dem Motto: Gemeinsam mit Sport gegen Mobbing mit dem Gastgeber: Sole-Jugend Bad D\u00fcrrenberg am 25. August 2019 auf dem Sportplatz.  Ver\u00f6ffentlichung entsprechend Artikel 85 der DSGVO bzw. \u00a7 50 UrhG und KUG \u00a7 23. Recht auf Namensnennung des Urhebers nach \u00a7 13 und \u00a7 29 UrhG!<\/figcaption><\/figure>\n\n\n\n<p>Am 24.\/25.08.2019 fand unser erstes Sportcamp unter dem\nMotto \u201eGemeinsam mit Sport gegen Mobbing\u201c auf dem Sportplatz des SV Eintracht\n1990 Bad D\u00fcrrenberg e.V. in der Merseburger Str. 1 in Bad D\u00fcrrenberg statt.<\/p>\n\n\n\n<p>F\u00fcr dieses Sportcamp hatten sich im&nbsp; Vorfeld ca. 60 Kinder und Jugendliche\nangemeldet um in den Sportarten Fu\u00dfball, Tanz oder Selbstverteidigung zu\ntrainieren.<\/p>\n\n\n\n<p>Am Samstagmorgen nach Ankunft der Teilnehmer und kleinen\nStartschwierigkeiten mit unserer Technik ging es nach der Begr\u00fc\u00dfung und einer\nkurzen Belehrung auch schon los mit den Trainings. Die Kinder und Jugendlichen\nhatten trotz der Hitze und der Anstrengung sichtlich Spa\u00df beim Training. Die\nTrainer legten individuell Pausen ein und auch Trinken war gen\u00fcgend da. Unter\nMittag konnten sich die Teilnehmer und Trainer bei Nudeln mit Wurstgulasch\nst\u00e4rken bis es am Nachmittag dann in die n\u00e4chsten Trainingseinheiten ging. Am\nsp\u00e4ten Nachmittag traf dann auch unser DJ Sprotte ein , der uns bis in die\nNacht hinein mit guter Musik versorgte. Die Teilnehmer konnten nach einer\nSt\u00e4rkung vom Grill entweder auf der Tanzfl\u00e4che vor der B\u00fchne sich noch einmal\nauspowern oder den Abend gem\u00fctlich mit Kn\u00fcppelkuchen am Lagerfeuer ausklingen\nlassen.<\/p>\n\n\n\n<p>Die Teilnehmer die zuhause \u00fcbernachteten wurden von Ihren\nEltern im Laufe des Abends abgeholt.<\/p>\n\n\n\n<p>Gegen 22 Uhr verabschiedeten sich dann die Teilnehmer, die\nsich dazu entschlossen hatten vor Ort zu \u00fcbernachten, in ihre Zelte. Wir\nBetreuer gingen dann noch einmal von Zelt zu Zelt um sicher zu stellen das auch\njeder in seinem Zelt lag und gingen dann auch schlafen.<\/p>\n\n\n\n<p>Am Sonntag nach dem alle Teilnehmer aus ihren Zelten\ngekrochen waren oder erneut von ihren Eltern gebracht wurden, gab es f\u00fcr alle\nein reichliches Fr\u00fchst\u00fcck.<\/p>\n\n\n\n<p>Gegen 10:30 startete dann das Fu\u00dfball-Turnier unter den\nTeilnehmern. Gespielt wurde in drei Teams. Die Team-Namen konnten sich die\nKinder und Jugendlichen selbst ausdenken.<\/p>\n\n\n\n<p>Am Ende belegte den 1. Platz das Team \u201e1.FC\nRadler-ist-kein-Alkohol\u201c vor den \u201eYoungstars Bad D\u00fcrrenberg\u201c (2.Platz) und dem\nTeam \u201eKr\u00e4uterrasen\u201c (3.Platz).<\/p>\n\n\n\n<p>Nach dem Fu\u00dfball-Turnier fanden sich dann alle an der B\u00fchne\nein, denn dort machten sich die Teilnehmer der Sportart Selbstverteidigung und\nihre Trainer Thomas P\u00f6tzsch, Almin Hamidovic und Fabian M\u00fcller bereit f\u00fcr eine\nkleine Pr\u00e4sentation und auch die Teilnehmer vom Tanzen mit Trainerin Melissa\nIrmisch machten sich f\u00fcr ihren Auftritt bereit.<\/p>\n\n\n\n<p>Es war wirklich Wahnsinn wie viel die Kinder und\nJugendlichen in dieser kurzen Zeit gelernt haben und dieses dann auch noch vor\nPublikum zu pr\u00e4sentieren erfordert eine Menge Mut.<\/p>\n\n\n\n<p>F\u00fcr viele Teilnehmer und Besucher aber der eigentliche\nH\u00f6hepunkt, war um 14 Uhr als Pr\u00e4ventionscoach, Anti-Mobbing und Anti-Gewalt\nTrainer Carsten Stahl auf die B\u00fchne kam.<\/p>\n\n\n\n<p>Besucher und Teilnehmer lauschten gespannt seinen Worten zum\nThema Mobbing. Im Anschluss daran durften alle auf einem Plakat unterschreiben\num symbolisch zu signalisieren, dass sie gegen Mobbing sind. Carsten Stahl nahm\nsich f\u00fcr alle Zeit f\u00fcr Autogramme, Fotos und ging auch in Gespr\u00e4che mit\neinzelnen Eltern.<\/p>\n\n\n\n<p>Zu dem \u00f6ffentlichen Teil der Veranstaltung folgten auch eine\nPolitiker wie B\u00fcrgermeister Christoph Schulze, die Bundespolitische Sprecherin\nf\u00fcr Bildung der Bundestagsfraktion DIE LINKE Dr. Birke Bull-Bischoff,\nBundestagsabgeordneter Dieter Stier, Landtagsabgeordnete Kerstin Eisenreich und\nKreistagsabgeordneter Patrick Wanzek und auch einige wenige Stadtr\u00e4te wie\nLucas-Leon Essel, Marcus Diessner, Steffen M\u00fcller, Michael Hell, Sabine Krems,\nKlaus-Dieter Martin und Nicole Stollberg unserer Einladung und fanden den Weg\nzum Sportplatz.<\/p>\n\n\n\n<p>Wir hoffen, dass alle Kinder und Jugendlichen viel Spa\u00df beim\nCamp hatten und gute Erfahrungen und vielleicht auch neue Freundschaften aus\ndem Camp mitnehmen konnten.<\/p>\n\n\n\n<p>Ohne die viele Unterst\u00fctzung w\u00e4re es uns jedoch nicht\nm\u00f6glich gewesen dieses Wochenende durchf\u00fchren zu k\u00f6nnen, deshalb m\u00f6chten wir\nuns an dieser Stelle bei allen Unterst\u00fctzern und Helfern bedanken:<\/p>\n\n\n\n<ul class=\"wp-block-list\"><li>F\u00fcr die finanzielle Unterst\u00fctzung:\nEVONIK-Stiftung, Verein der Bundesfraktion DIE LINKE e.V., Stadt Bad\nD\u00fcrrenberg, Envia M, DIE LINKE Fraktion im Landtag, Kreissportbund, Actemium,\nSpie\u00df &amp; Runge, Agrargenossenschaft Bad D\u00fcrrenberg, Entsorgungsgesellschaft\nSaalekreis mbH, Augenoptik Becker<\/li><li> Private Spender: Dario Jurichs, Christoph Schulze, Familie Schl\u00fcter-Nagel, Stadtr\u00e4te Klaus \u00a0\u00a0\u00a0\u00a0\u00a0 Opitz, Anja Hoffmann, Heiko Sadetzky<\/li><\/ul>\n\n\n\n<ul class=\"wp-block-list\"><li>SV Eintracht 1990 Bad D\u00fcrrenberg e.V. f\u00fcr die\nzur Verf\u00fcgung Stellung des Platzes<\/li><li>Mandy Buchmann, Freiwillige Feuerwehr Bad\nD\u00fcrrenberg und Freiwillige Feuerwehr Tollwitz f\u00fcr die Verpflegung<\/li><li>Transphon (Karsten Esche) f\u00fcr die Stellung der\nB\u00fchne<\/li><li>DJ Sprotte (Ren\u00e9 Hering) f\u00fcr die Disco am\nSamstag sowie musikalische Umrahmung und Moderation am Sonntag<\/li><li>Freiwillige Feuerwehr Bad D\u00fcrrenberg f\u00fcr die\nZelte und Bierzeltgarnituren<\/li><li>Die Trainer vom SV Eintracht 1990 Bad D\u00fcrrenberg\ne.V., Melissa Irmisch und Thomas P\u00f6tzsch, Almin Hamidovic und Fabian M\u00fcller<\/li><li>Sabine Krems f\u00fcr das designen der Flyer<\/li><li>SPD f\u00fcr die Trinkflaschen<\/li><li>Andy Langrock und Team f\u00fcr die Absicherung\nNachts und am Sonntag<\/li><li>Dr. Wolfgang Kubak und Johannes Osterburg die\nden Sonntag f\u00fcr uns in Bild und Film fest gehalten haben<\/li><li>Thalia Buchhandlung, die vor Ort die B\u00fccher von\nCarsten Stahl \u201eDu T\u00e4ter, du Opfer\u201c verkauft haben und uns einen Teil des\nErl\u00f6ses gespendet haben<\/li><li>Und ein ganz gro\u00dfer Dank an das DRK \u2013\nOrtsverband Bad D\u00fcrrenberg f\u00fcr die Unterst\u00fctzung an den beiden Tagen<\/li><\/ul>\n\n\n\n<p>Das Sportcamp war unser erstes gro\u00dfes Projekt und sicher ist\nnicht alles glatt gelaufen aber auch wir konnten viel aus diesen beiden Tagen\nmitnehmen.<\/p>\n\n\n\n<p>Wer jetzt neugierig geworden ist, kann gern auf unserer\nFacebook-Seite vorbei schauen und durch die Fotos und Videos st\u00f6bern. Und wer\nLust bekommen hat uns k\u00fcnftig mit Manpower\/Frauenpower zu unterst\u00fctzen, meldet\nsich einfach per Mail: <a href=\"mailto:sole-jugend-bd@web.de\">sole-jugend-bd@web.de<\/a>\noder Mobil: 0176-97335577 .<\/p>\n\n\n\n<p><\/p>\n","protected":false},"excerpt":{"rendered":"<p>GEMEINSAM mit SPORT gegen MOBBING Am 24.\/25.08.2019 fand unser erstes Sportcamp unter dem Motto \u201eGemeinsam mit Sport gegen Mobbing\u201c auf dem Sportplatz des SV Eintracht 1990 Bad D\u00fcrrenberg&hellip;<\/p>\n","protected":false},"author":1,"featured_media":0,"parent":0,"menu_order":0,"comment_status":"closed","ping_status":"closed","template":"","meta":{"footnotes":""},"class_list":["post-38","page","type-page","status-publish","has-post-thumbnail","hentry"],"_links":{"self":[{"href":"https:\/\/sole-jugend.de\/index.php?rest_route=\/wp\/v2\/pages\/38","targetHints":{"allow":["GET"]}}],"collection":[{"href":"https:\/\/sole-jugend.de\/index.php?rest_route=\/wp\/v2\/pages"}],"about":[{"href":"https:\/\/sole-jugend.de\/index.php?rest_route=\/wp\/v2\/types\/page"}],"author":[{"embeddable":true,"href":"https:\/\/sole-jugend.de\/index.php?rest_route=\/wp\/v2\/users\/1"}],"replies":[{"embeddable":true,"href":"https:\/\/sole-jugend.de\/index.php?rest_route=%2Fwp%2Fv2%2Fcomments&post=38"}],"version-history":[{"count":4,"href":"https:\/\/sole-jugend.de\/index.php?rest_route=\/wp\/v2\/pages\/38\/revisions"}],"predecessor-version":[{"id":57,"href":"https:\/\/sole-jugend.de\/index.php?rest_route=\/wp\/v2\/pages\/38\/revisions\/57"}],"wp:attachment":[{"href":"https:\/\/sole-jugend.de\/index.php?rest_route=%2Fwp%2Fv2%2Fmedia&parent=38"}],"curies":[{"name":"wp","href":"https:\/\/api.w.org\/{rel}","templated":true}]}}