{"id":2,"date":"2016-05-10T03:48:21","date_gmt":"2016-05-10T03:48:21","guid":{"rendered":"http:\/\/sole-jugend.de\/?page_id=2"},"modified":"2019-03-25T11:57:02","modified_gmt":"2019-03-25T11:57:02","slug":"sample-page","status":"publish","type":"page","link":"http:\/\/sole-jugend.de\/?page_id=2","title":{"rendered":"\u00dcber uns"},"content":{"rendered":"\n<p>Als Sole-Jugend Bad D\u00fcrrenberg e.V. <br>\nsind wir unserer Heimatstadt verbunden,<br>\nleben gern hier und m\u00f6chten auch, dass sich <br>\nunsere Kinder und andere junge Menschen <br>\nund Familien in unserer Stadt wohlf\u00fchlen.<\/p>\n\n\n\n<p>Wir m\u00f6chten den Jugendlichen M\u00f6glichkeiten<br>\nzur Freizeitgestaltung bieten und sie auch<br>\nmit der Gestaltung verschiedener Projekte <br>\nbeim Erwachsenwerden unterst\u00fctzen. <br>\nDazu bieten wir in regelm\u00e4\u00dfigen Abst\u00e4nden <br>\nabwechselungsreiche Workshops an.<\/p>\n\n\n\n<p>Zudem bieten wir f\u00fcr die Sch\u00fclerinnen und <br>\nSch\u00fcler der 8. Klassen eine Feierstunde<br>\nals symbolischen Schritt vom Kind zum jungen <br>\nErwachsenen an &#8211; unser KiJu-Fest.<br>\nWir m\u00f6chten, dass sich dieses Fest in <br>\nunserer Stadt etabliert, damit die <br>\nJugendlichen diesen besonderen Tag <br>\nzusammen mit Ihren Freunden in ihrer <br>\nHeimatstadt erleben k\u00f6nnen.<\/p>\n\n\n\n<p>Unser langfristiges Ziel ist es, den Kindern <br>\nund Jugendlichen unserer Stadt einen Ort <br>\nzu bieten, an dem Sie willkommen sind, einen<br>\nPlatz, wo sie unter sich sind und sich \u00fcber <br>\ngemeinsame Herausforderungen austauschen <br>\nk\u00f6nnen und an dem sie immer ein offenes Ohr <br>\nf\u00fcr Ihre Probleme finden. <\/p>\n","protected":false},"excerpt":{"rendered":"<p>Als Sole-Jugend Bad D\u00fcrrenberg e.V. sind wir unserer Heimatstadt verbunden, leben gern hier und m\u00f6chten auch, dass sich unsere Kinder und andere junge Menschen und Familien in unserer&hellip;<\/p>\n","protected":false},"author":1,"featured_media":0,"parent":0,"menu_order":0,"comment_status":"closed","ping_status":"open","template":"","meta":{"footnotes":""},"class_list":["post-2","page","type-page","status-publish","has-post-thumbnail","hentry"],"_links":{"self":[{"href":"http:\/\/sole-jugend.de\/index.php?rest_route=\/wp\/v2\/pages\/2","targetHints":{"allow":["GET"]}}],"collection":[{"href":"http:\/\/sole-jugend.de\/index.php?rest_route=\/wp\/v2\/pages"}],"about":[{"href":"http:\/\/sole-jugend.de\/index.php?rest_route=\/wp\/v2\/types\/page"}],"author":[{"embeddable":true,"href":"http:\/\/sole-jugend.de\/index.php?rest_route=\/wp\/v2\/users\/1"}],"replies":[{"embeddable":true,"href":"http:\/\/sole-jugend.de\/index.php?rest_route=%2Fwp%2Fv2%2Fcomments&post=2"}],"version-history":[{"count":2,"href":"http:\/\/sole-jugend.de\/index.php?rest_route=\/wp\/v2\/pages\/2\/revisions"}],"predecessor-version":[{"id":18,"href":"http:\/\/sole-jugend.de\/index.php?rest_route=\/wp\/v2\/pages\/2\/revisions\/18"}],"wp:attachment":[{"href":"http:\/\/sole-jugend.de\/index.php?rest_route=%2Fwp%2Fv2%2Fmedia&parent=2"}],"curies":[{"name":"wp","href":"https:\/\/api.w.org\/{rel}","templated":true}]}}